{"id":27,"date":"2023-08-15T19:48:15","date_gmt":"2023-08-15T19:48:15","guid":{"rendered":"https:\/\/museumemotion.wpenginepowered.com\/?page_id=27"},"modified":"2025-10-22T12:37:01","modified_gmt":"2025-10-22T12:37:01","slug":"reading-lists","status":"publish","type":"page","link":"https:\/\/museumemotion.stir.ac.uk\/?page_id=27","title":{"rendered":"Reading List"},"content":{"rendered":"\n<p>We will continue to add to this list reading that we find helpful for thinking about our emotions in museum work. Please do feel free to <a href=\"https:\/\/museumemotion.wpenginepowered.com\/?page_id=29\" data-type=\"page\" data-id=\"29\">contact us<\/a> to share relevant resources!&nbsp;<\/p>\n\n\n\n<p>ANDERSON, S., (2021) \u2018\u201cWe felt unsafe\u201d: Rethinking risk, harm, and safety in museums\u2019, <em>Museums &amp; Social Issues <\/em>15:1-2, 4-12.&nbsp;&nbsp;<\/p>\n\n\n\n<p>ARVANITIS K., HARDMAN, A., EYRE, A., WATKINS, J. and KAVANAGH, J. (2023)<a href=\"https:\/\/pure.manchester.ac.uk\/ws\/portalfiles\/portal\/265227141\/Archiving_disaster_support_group_records_GUIDE.pdf\" data-type=\"link\" data-id=\"https:\/\/pure.manchester.ac.uk\/ws\/portalfiles\/portal\/265227141\/Archiving_disaster_support_group_records_GUIDE.pdf\"> Archiving disaster support group records: a guide for disaster support groups and professionals,<\/a> February 2023, University of Manchester.<\/p>\n\n\n\n<p>BANNELL, K., &amp; SEXTON, A., (2024) &#8216;Affect and rapid response collecting: Exploring the significance of emotion in UK archives&#8217; COVID-19 collecting projects&#8217;, <em>Archives and Records: The Journal of the Archives and Records Association <\/em>Online first <a href=\"https:\/\/doi.org\/10.1080\/23257962.2024.2351378\">https:\/\/doi.org\/10.1080\/23257962.2024.2351378<\/a><\/p>\n\n\n\n<p>BELFIORE, E., (2022) &#8216;Who cares? At what price? The hidden costs of socially engaged arts labour and the moral failure of cultural policy&#8217;, <em>European Journal of Cultural Studies<\/em> 25(1): 61-78.<\/p>\n\n\n\n<p>COLLINS, H., ALLSOPP, K., ARVANITIS, K., CHITSABESAN, P., &amp; FRENCH, P. (2020) \u2018Psychological impact of spontaneous memorials: A narrative review\u2019, <em>Psychological Trauma: Theory, Research, Practice and Policy<\/em> 14(7):1230-1236.&nbsp;&nbsp;<\/p>\n\n\n\n<p>DALE-HALLETT, L., CARLAND, R., and FRASER, P. (2015) &#8216;Sites of trauma: Contemporary collecting and natural disaster&#8217;. In: A. Witcomb and K. Message (eds) <em>The International Handbook of Museum Studies, Volume 3: Museum Theory, <\/em>Wiley Blackwell: New York. pp.351-552<\/p>\n\n\n\n<p>DE LA BELLACASA, M.P., (2017) <em>Matters of Care: Speculative Ethics in More Than Human Worlds. <\/em>Minnesota University Press: Minnesota.<\/p>\n\n\n\n<p>DELISS, C., (2020) <em>The Metabolic Museum. <\/em>Hatje Cantz Verlag: Berlin.<\/p>\n\n\n\n<p>DUCEY, A. (2010) &#8216;Technologies of caring labor. From objects to affect&#8217;. In: E. Boris and R.S. Parre\u00f1as (eds) <em>Intimate Labors: Cultures, Technologies, and the Politics of Care. <\/em>Stanford University Press: Standford, pp.18-32.<\/p>\n\n\n\n<p>FORTIER, J.P., (2023) Navigating Ambiguity and Boundaries: The Experience of Arts, Health and Wellbeing Facilitators Working with Individuals with Challenging Conditions or Situations. Unpublished PhD Thesis. University of London. Available at: <a href=\"https:\/\/doi.org\/10.17037\/PUBS.04671753\">https:\/\/doi.org\/10.17037\/PUBS.04671753<\/a><\/p>\n\n\n\n<p>FROST, S., (forthcoming) \u2018Digital labour is \u201cemotional labour\u201d\u2019. In: R. Parry, V. Dziekan, and K. De Wild (eds) <em>Museums and Digital Confidence: Organisation, Collection, Exhibition<\/em>. Routledge: London.<\/p>\n\n\n\n<p>GEOGHEGAN, H&nbsp;., (2013) &#8216;Emotional geographies of enthusiasm: Belonging to the telecommunications heritage group&#8217;, <em>Area <\/em>45(1):40-46.<\/p>\n\n\n\n<p>GEOGHEGAN, H., &amp; HESS, A., (2014) &#8216;Object-love at the Science Museum: Cultural geographies of museum storerooms&#8217;, <em>Cultural Geographies<\/em> 22(3): 445-465.&nbsp;&nbsp;<\/p>\n\n\n\n<p>HAMMETT, J ET AL., (2021) <em>Researcher Wellbeing. Guidelines for History Researchers. <\/em>Online report. Available at: <a href=\"https:\/\/researcherwellbeing.blogs.bristol.ac.uk\/\">https:\/\/researcherwellbeing.blogs.bristol.ac.uk\/<\/a><\/p>\n\n\n\n<p>HOCHSCHILD, A., (1983) <em>The Managed Heart: Commercialization of Human Feeling<\/em>. University of California Press: Berkeley.&nbsp;&nbsp;<\/p>\n\n\n\n<p>JANES, R., (2023) <em>Museums and Societal Collapse: The Museum as Lifeboat. <\/em>Routledge: London.<\/p>\n\n\n\n<p>KAUFMAN, F. Y. (2023) &#8216;Traumatic histories&#8217;. <em>History Workshop. <\/em>Blog. 29 June. Available at: <a href=\"https:\/\/www.historyworkshop.org.uk\/memory-emotions\/traumatic-histories\/\">https:\/\/www.historyworkshop.org.uk\/memory-emotions\/traumatic-histories\/<\/a><\/p>\n\n\n\n<p>LATHAM, K.F., &amp; COWAN, B. (2023) <em>Flourishing in Museums: Towards a Positive Museology. <\/em>Abingdon, Oxon: Routledge.<\/p>\n\n\n\n<p>LAURENT, N., &amp; HART, M. (2018) \u2018Emotional Labour and Archival Practice\u2019,<em> Journal of the Society of North Carolina Archivists<\/em> 15:13-22.&nbsp;&nbsp;<\/p>\n\n\n\n<p>MAZZANTI, P., &amp; M. SANI (eds) (2020) Emotions and Learning in Museums. A NEMO Report. Available at: <a rel=\"noreferrer noopener\" href=\"https:\/\/www.ne-mo.org\/fileadmin\/Dateien\/public\/Publications\/NEMO_Emotions_and_Learning_in_Museums_WG-LEM_02.2021.pdf\" target=\"_blank\">ne-mo.org\/fileadmin\/Dateien\/public\/Publications\/NEMO_Emotions_and_Learning_in_Museums_WG-LEM_02.2021.pdf<\/a>&nbsp;<\/p>\n\n\n\n<p>MORSE, N., (2020) <em>The Museum as a Space of Social Care<\/em>. Routledge: London.&nbsp;&nbsp;<\/p>\n\n\n\n<p>MUNRO, E., (2014) \u2018Doing emotion work in museums: Reconceptualising the role of community engagement practitioners\u2019, <em>Museum &amp; Society <\/em>12:1, 44-60.&nbsp;&nbsp;<\/p>\n\n\n\n<p>MUSEUMS ASSOCIATION (2022) Workforce wellbeing. Survey Report. Available at: https:\/\/www.museumsassociation.org\/campaigns\/workforce\/wellbeing-research\/&nbsp;<\/p>\n\n\n\n<p>NAISMITH, N., (2019) Artists practising well. Robert Gordon University [online]: Aberdeen. Research Report. Available from: <a href=\"https:\/\/rgu-repository.worktribe.com\/output\/235847\">Artists practising well. (worktribe.com)<\/a>&nbsp;<\/p>\n\n\n\n<p>POWELL, C., SMITH, H., MURRIAN, S., HEARN, S. (2018) \u2018This [black] woman\u2019s work: Exploring archival projects that embrace the identity of the memory worker\u2019, <em>KULA: Knowledge, Creation, Dissemination, and Preservation Studies<\/em> 2(1):5.&nbsp;<\/p>\n\n\n\n<p>ROBINSON, C (2021) &#8216;Museums and Emotions&#8217;, <em>Journal of Museum Education <\/em>46(2): 147-149.<\/p>\n\n\n\n<p>ROBSON, J. C (2018) &#8216;Coming undone. Protocols of emotion in Canadian human rights museology&#8217;. In: L Smith, M. Wetherell &amp; G. Campbell (eds) <em>Emotion, Affective Practices and the Past in the Present. <\/em>Routledge: London, pp. 149-162.<\/p>\n\n\n\n<p>TRONTO, J. (2015) <em>Who Cares? How to Reshape a Democratic Politics. <\/em>Cornell University Press: Ithaca.<\/p>\n\n\n\n<p>VARUTTI, M., (2025) &#8216;Emotions in collaborative museum practice&#8217;. In: A. Edmundson and M. Haviland (eds) Collaboration and Co-Creation in Museums, Heritage, and the Arts. Routledge: London.<\/p>\n\n\n\n<p>VARUTTI, M., (2022) \u2018The affective turn in museums and the rise of affective curatorship\u2019. <em>Museum Management &amp; Curatorship<\/em>. 38:1, 61-75.&nbsp;<\/p>\n\n\n\n<p>VARUTTI, M., (2022) &#8216;The &#8217;emotional turn&#8217; in museum practice&#8217;. Blog post. ICOM News. 14 September. Available at: <a href=\"https:\/\/icom.museum\/en\/news\/the-emotional-turn-in-museum-practice\/\">The \u2018emotional turn\u2019 in museum practice &#8211; International Council of Museums -International Council of Museums (icom.museum)<\/a><\/p>\n\n\n\n<p>VARUTTI, M., (2021) &#8216;Affective encounters in museums&#8217;. In: T. R. Bangstad and \u00de. P\u00e9tursd\u00f3ttir (eds) Heritage Ecologies, 129-144 London: Routledge.<\/p>\n\n\n\n<p>WALKLATE, J., (2018) &#8216;Anxiety: Unease in the museum&#8217;. In: S. Knell (ed) The Contemporary Museum: Shaping Museums for the Global Now, 215-232. Routledge: Abingdon, Oxon.<\/p>\n\n\n\n<p>WILSON, R., (2011) &#8216;The curatorial complex: Marking the Bicentenary of the Abolition of the Slave Trade&#8217;. In: Laura Jane Smith et al (eds) Representing enslavement and abolition in museums, 131-146, Routledge: London.<\/p>\n\n\n\n<p><\/p>\n\n\n\n<p><\/p>\n\n\n\n<p><\/p>\n","protected":false},"excerpt":{"rendered":"<p>We will continue to add to this list reading that we find helpful for thinking about our emotions in museum work. Please do feel free to contact us to share relevant resources!&nbsp; ANDERSON, S., (2021) \u2018\u201cWe felt unsafe\u201d: Rethinking risk, harm, and safety in museums\u2019, Museums &amp; Social Issues 15:1-2, 4-12.&nbsp;&nbsp; ARVANITIS K., HARDMAN, A.,<\/p>\n<p><a class=\"read-more\" href=\"https:\/\/museumemotion.stir.ac.uk\/?page_id=27\" aria-label=\"Reading List Read full post\">Read full post<\/a><\/p>\n","protected":false},"author":1,"featured_media":0,"parent":0,"menu_order":0,"comment_status":"closed","ping_status":"closed","template":"","meta":{"footnotes":""},"class_list":["post-27","page","type-page","status-publish","hentry"],"_links":{"self":[{"href":"https:\/\/museumemotion.stir.ac.uk\/index.php?rest_route=\/wp\/v2\/pages\/27","targetHints":{"allow":["GET"]}}],"collection":[{"href":"https:\/\/museumemotion.stir.ac.uk\/index.php?rest_route=\/wp\/v2\/pages"}],"about":[{"href":"https:\/\/museumemotion.stir.ac.uk\/index.php?rest_route=\/wp\/v2\/types\/page"}],"author":[{"embeddable":true,"href":"https:\/\/museumemotion.stir.ac.uk\/index.php?rest_route=\/wp\/v2\/users\/1"}],"replies":[{"embeddable":true,"href":"https:\/\/museumemotion.stir.ac.uk\/index.php?rest_route=%2Fwp%2Fv2%2Fcomments&post=27"}],"version-history":[{"count":0,"href":"https:\/\/museumemotion.stir.ac.uk\/index.php?rest_route=\/wp\/v2\/pages\/27\/revisions"}],"wp:attachment":[{"href":"https:\/\/museumemotion.stir.ac.uk\/index.php?rest_route=%2Fwp%2Fv2%2Fmedia&parent=27"}],"curies":[{"name":"wp","href":"https:\/\/api.w.org\/{rel}","templated":true}]}}